{"id":4327,"date":"2024-04-06T17:51:20","date_gmt":"2024-04-06T14:21:20","guid":{"rendered":"https:\/\/babakabdolghafari.com\/?page_id=4327"},"modified":"2024-04-06T18:20:00","modified_gmt":"2024-04-06T14:50:00","slug":"sun-event-03","status":"publish","type":"page","link":"https:\/\/babakabdolghafari.com\/fa\/activity\/event\/sun-event-03\/","title":{"rendered":"<span style=\"font-family:roboto condensed;font-size:60%\"><strong>TraMod<strong><\/span><br>"},"content":{"rendered":"<div data-elementor-type=\"wp-page\" data-elementor-id=\"4327\" class=\"elementor elementor-4327\" data-elementor-post-type=\"page\">\n\t\t\t\t\t\t\t<div class=\"elementor-element elementor-element-5e2c15ff e-flex e-con-boxed e-con e-parent\" data-id=\"5e2c15ff\" data-element_type=\"container\" data-settings=\"{&quot;container_type&quot;:&quot;flex&quot;,&quot;content_width&quot;:&quot;boxed&quot;}\" data-core-v316-plus=\"true\">\n\t\t\t\t\t<div class=\"e-con-inner\">\n\t\t<div class=\"elementor-element elementor-element-72f23c0c e-flex e-con-boxed e-con e-child\" data-id=\"72f23c0c\" data-element_type=\"container\" data-settings=\"{&quot;container_type&quot;:&quot;flex&quot;,&quot;content_width&quot;:&quot;boxed&quot;}\">\n\t\t\t\t\t<div class=\"e-con-inner\">\n\t\t\t\t<div class=\"elementor-element elementor-element-20ab1529 elementor-widget elementor-widget-heading\" data-id=\"20ab1529\" data-element_type=\"widget\" data-widget_type=\"heading.default\">\n\t\t\t\t<div class=\"elementor-widget-container\">\n\t\t\t<style>\/*! elementor - v3.18.0 - 20-12-2023 *\/\n.elementor-heading-title{padding:0;margin:0;line-height:1}.elementor-widget-heading .elementor-heading-title[class*=elementor-size-]>a{color:inherit;font-size:inherit;line-height:inherit}.elementor-widget-heading .elementor-heading-title.elementor-size-small{font-size:15px}.elementor-widget-heading .elementor-heading-title.elementor-size-medium{font-size:19px}.elementor-widget-heading .elementor-heading-title.elementor-size-large{font-size:29px}.elementor-widget-heading .elementor-heading-title.elementor-size-xl{font-size:39px}.elementor-widget-heading .elementor-heading-title.elementor-size-xxl{font-size:59px}<\/style><h3 class=\"elementor-heading-title elementor-size-default\">\u0648\u0627\u0646\u060c \u062a\u0631\u06a9\u06cc\u0647<\/h3>\t\t<\/div>\n\t\t\t\t<\/div>\n\t\t\t\t<div class=\"elementor-element elementor-element-40add6e3 elementor-widget elementor-widget-text-editor\" data-id=\"40add6e3\" data-element_type=\"widget\" data-widget_type=\"text-editor.default\">\n\t\t\t\t<div class=\"elementor-widget-container\">\n\t\t\t<style>\/*! elementor - v3.18.0 - 20-12-2023 *\/\n.elementor-widget-text-editor.elementor-drop-cap-view-stacked .elementor-drop-cap{background-color:#69727d;color:#fff}.elementor-widget-text-editor.elementor-drop-cap-view-framed .elementor-drop-cap{color:#69727d;border:3px solid;background-color:transparent}.elementor-widget-text-editor:not(.elementor-drop-cap-view-default) .elementor-drop-cap{margin-top:8px}.elementor-widget-text-editor:not(.elementor-drop-cap-view-default) .elementor-drop-cap-letter{width:1em;height:1em}.elementor-widget-text-editor .elementor-drop-cap{float:right;text-align:center;line-height:1;font-size:50px}.elementor-widget-text-editor .elementor-drop-cap-letter{display:inline-block}<\/style>\t\t\t\t<p><span style=\"font-family:roboto condensed;font-size:90%\">\nLocation: Van Y\u00fcz\u00fcnc\u00fc Y\u0131l \u00dcniversitesi (Mimarl\u0131k B\u00f6l\u00fcm\u00fc)<\/span><br><br \/>Date: April 19th, 2024<\/p>\t\t\t\t\t\t<\/div>\n\t\t\t\t<\/div>\n\t\t\t\t<div class=\"elementor-element elementor-element-7cd73a8 elementor-widget elementor-widget-text-editor\" data-id=\"7cd73a8\" data-element_type=\"widget\" data-widget_type=\"text-editor.default\">\n\t\t\t\t<div class=\"elementor-widget-container\">\n\t\t\t\t\t\t\t<p><span style=\"font-family:roboto condensed;font-size:90%\">\nDate: April 19th, 2024<\/span><br><br \/><span style=\"font-family:roboto condensed;font-size:70%\"><strong>Konu\u015fmac\u0131lar ve e\u015flik eden hocalar ve mimarlar\nBu program T\u00fcrkiye ve \u0130ran'\u0131n hocalar ve mimarlar\u0131n\u0131n i\u015fbirli\u011fiyle ger\u00e7ekle\u015ftirilecek.Programda yer alan \u0130ranl\u0131 hocalar ve mimarlar: 1. Babak Nas\u0131rabadi;Mimar ve \u00fcniversite \u00f6\u011fretim g\u00f6revlisi ve bir\u00e7ok uluslararas\u0131 \u00f6d\u00fcl\u00fcn sahibi | 2. Babak Abdol Ghaffari; Babak Mimarl\u0131k Evi'nin mimar\u0131 ve kurucusu | 3. Dr. Javad Eiraji; Mimar, \u00fcniversite \u00f6\u011fretim \u00fcyesi ve Eiraji Mimarl\u0131k St\u00fcdyosu'nun kurucusu ve TraMod AWARDS Uluslararas\u0131 \u00d6d\u00fcl\u00fc Direkt\u00f6r\u00fc<strong><\/span><br><\/p>\t\t\t\t\t\t<\/div>\n\t\t\t\t<\/div>\n\t\t\t\t<div class=\"elementor-element elementor-element-1280e08 elementor-widget elementor-widget-text-editor\" data-id=\"1280e08\" data-element_type=\"widget\" data-widget_type=\"text-editor.default\">\n\t\t\t\t<div class=\"elementor-widget-container\">\n\t\t\t\t\t\t\t<p>Programdaki T\u00fcrk hocalar ve mimarlar: 1. Prof. Dr. \u015eevket Alp; Van Y\u00fcz\u00fcnc\u00fc Y\u0131l \u00dcniversitesi, Mimarl\u0131k Fak\u00fcltesi Dekan\u0131 | 2. Do\u00e7. Dr. \u015eahabettin \u00d6zt\u00fcrk; Van Y\u00fcz\u00fcnc\u00fc Y\u0131l \u00dcniversitesi, Mimarl\u0131k B\u00f6l\u00fcm Ba\u015fkan\u0131 | 3. Do\u00e7. Dr. Feran A\u015fur; Van Y\u00fcz\u00fcnc\u00fc Y\u0131l \u00dcniversitesi, Peyzaj Mimarl\u0131\u011f\u0131 B\u00f6l\u00fcm\u00fc | 4. Dr. Ya\u015far Suba\u015f\u0131 Direk; Van Y\u00fcz\u00fcnc\u00fc Y\u0131l \u00dcniversitesi, Mimarl\u0131k B\u00f6l\u00fcm\u00fc \u00dcyesi | 5. Ar\u015f. G\u00f6r. \u015eeyma Duman; Van Y\u00fcz\u00fcnc\u00fc Y\u0131l \u00dcniversitesi, Mimarl\u0131k B\u00f6l\u00fcm\u00fc \u00dcyesi<\/p>\t\t\t\t\t\t<\/div>\n\t\t\t\t<\/div>\n\t\t\t\t\t<\/div>\n\t\t\t\t<\/div>\n\t\t<div class=\"elementor-element elementor-element-33960a4 e-flex e-con-boxed e-con e-child\" data-id=\"33960a4\" data-element_type=\"container\" data-settings=\"{&quot;container_type&quot;:&quot;flex&quot;,&quot;content_width&quot;:&quot;boxed&quot;}\">\n\t\t\t\t\t<div class=\"e-con-inner\">\n\t\t\t\t<div class=\"elementor-element elementor-element-1cfa9e9b elementor-widget elementor-widget-image\" data-id=\"1cfa9e9b\" data-element_type=\"widget\" data-widget_type=\"image.default\">\n\t\t\t\t<div class=\"elementor-widget-container\">\n\t\t\t<style>\/*! elementor - v3.18.0 - 20-12-2023 *\/\n.elementor-widget-image{text-align:center}.elementor-widget-image a{display:inline-block}.elementor-widget-image a img[src$=\".svg\"]{width:48px}.elementor-widget-image img{vertical-align:middle;display:inline-block}<\/style>\t\t\t\t\t\t\t\t\t\t\t\t<img fetchpriority=\"high\" decoding=\"async\" width=\"1024\" height=\"1024\" src=\"https:\/\/babakabdolghafari.com\/wp-content\/uploads\/event-tramod-turkey-babak-abdolghafari.jpg\" class=\"attachment-full size-full wp-image-4336\" alt=\"\" srcset=\"https:\/\/babakabdolghafari.com\/wp-content\/uploads\/event-tramod-turkey-babak-abdolghafari.jpg 1024w, https:\/\/babakabdolghafari.com\/wp-content\/uploads\/event-tramod-turkey-babak-abdolghafari-300x300.jpg 300w, https:\/\/babakabdolghafari.com\/wp-content\/uploads\/event-tramod-turkey-babak-abdolghafari-150x150.jpg 150w, https:\/\/babakabdolghafari.com\/wp-content\/uploads\/event-tramod-turkey-babak-abdolghafari-768x768.jpg 768w, https:\/\/babakabdolghafari.com\/wp-content\/uploads\/event-tramod-turkey-babak-abdolghafari-12x12.jpg 12w\" sizes=\"(max-width: 1024px) 100vw, 1024px\">\t\t\t\t\t\t\t\t\t\t\t\t\t\t\t<\/div>\n\t\t\t\t<\/div>\n\t\t\t\t\t<\/div>\n\t\t\t\t<\/div>\n\t\t\t\t\t<\/div>\n\t\t\t\t<\/div>\n\t\t\t\t\t\t\t<\/div>","protected":false},"excerpt":{"rendered":"<p>Van, Turkey Location: Van Y\u00fcz\u00fcnc\u00fc Y\u0131l \u00dcniversitesi (Mimarl\u0131k B\u00f6l\u00fcm\u00fc)Date: April 19th, 2024 Konu\u015fmac\u0131lar ve e\u015flik eden hocalar ve mimarlarBu program T\u00fcrkiye ve \u0130ran&#8217;\u0131n hocalar ve mimarlar\u0131n\u0131n i\u015fbirli\u011fiyle ger\u00e7ekle\u015ftirilecek.Programda yer alan \u0130ranl\u0131 hocalar ve mimarlar: 1. Babak Nas\u0131rabadi;Mimar ve \u00fcniversite \u00f6\u011fretim g\u00f6revlisi ve bir\u00e7ok uluslararas\u0131 \u00f6d\u00fcl\u00fcn sahibi | 2. Babak Abdol Ghaffari; Babak Mimarl\u0131k Evi&#8217;nin mimar\u0131 [&hellip;]<\/p>","protected":false},"author":2,"featured_media":0,"parent":387,"menu_order":0,"comment_status":"closed","ping_status":"closed","template":"","meta":{"footnotes":""},"class_list":["post-4327","page","type-page","status-publish","hentry"],"_links":{"self":[{"href":"https:\/\/babakabdolghafari.com\/fa\/wp-json\/wp\/v2\/pages\/4327","targetHints":{"allow":["GET"]}}],"collection":[{"href":"https:\/\/babakabdolghafari.com\/fa\/wp-json\/wp\/v2\/pages"}],"about":[{"href":"https:\/\/babakabdolghafari.com\/fa\/wp-json\/wp\/v2\/types\/page"}],"author":[{"embeddable":true,"href":"https:\/\/babakabdolghafari.com\/fa\/wp-json\/wp\/v2\/users\/2"}],"replies":[{"embeddable":true,"href":"https:\/\/babakabdolghafari.com\/fa\/wp-json\/wp\/v2\/comments?post=4327"}],"version-history":[{"count":16,"href":"https:\/\/babakabdolghafari.com\/fa\/wp-json\/wp\/v2\/pages\/4327\/revisions"}],"predecessor-version":[{"id":4354,"href":"https:\/\/babakabdolghafari.com\/fa\/wp-json\/wp\/v2\/pages\/4327\/revisions\/4354"}],"up":[{"embeddable":true,"href":"https:\/\/babakabdolghafari.com\/fa\/wp-json\/wp\/v2\/pages\/387"}],"wp:attachment":[{"href":"https:\/\/babakabdolghafari.com\/fa\/wp-json\/wp\/v2\/media?parent=4327"}],"curies":[{"name":"wp","href":"https:\/\/api.w.org\/{rel}","templated":true}]}}